{"id":13653,"date":"2025-07-23T16:52:26","date_gmt":"2025-07-23T14:52:26","guid":{"rendered":"https:\/\/www.fontus.si\/?post_type=product&#038;p=13653"},"modified":"2025-07-23T17:11:09","modified_gmt":"2025-07-23T15:11:09","slug":"lasko-hotel-thermana-park-lasko-4superior-advent-christmas-holidays-sale-kopija","status":"publish","type":"product","link":"https:\/\/www.fontus.si\/en\/izdelek\/lasko-hotel-thermana-park-lasko-4superior-advent-christmas-holidays-sale-kopija\/","title":{"rendered":"La\u0161ko, Hotel Thermana Park La\u0161ko 4*superior, advent, Christmas, holidays &#8211; SALE (Kopija)"},"content":{"rendered":"<p><strong>LA\u0160KO, THERMANA, HOTEL THERMANA PARK LA\u0160KO 4*superior<\/strong><\/p>\n<p>The modern, intergenerational Hotel Thermana Park La\u0161ko is part of the Zdravili\u0161\u010da La\u0161ko &#8211; Thermana d.d. complex. It is located along the Savinja River, at the edge of the spa park, which connects the spa area with the town of La\u0161ko.<br \/>\nLa\u0161ko has been a health resort for more than 165 years. The hotel combines homeliness, a warm atmosphere and the possibility of unhindered movement for different generations (without architectural barriers) with a range of health and wellness services based on the invigorating, revitalising and detoxifying thermal water of La\u0161ko.<br \/>\nIn addition to accommodation, the hotel offers a buffet hotel restaurant with a wide range of food, including Ayurvedic cuisine. There is also a large swimming pool and wellness complex, as well as a spa and medical centre.<\/p>\n<p>La\u0161ko is an excellent starting point for exploring the towns and countryside, nature and culture of the area along the Savinja River. Because it guards the mysterious stories of the Land of Celje. Because it has all the beauty of Thermal Pannonian Slovenia. Because accessible tourism makes it a European Destination of Excellence. Because it is developing as a green destination. Because it offers new experiences every time! The town, which is only 12 km from Celje, is best known for its summer festival Beer and Flowers, its brewery with a 190-year tradition and, of course, its spa, which attracts most visitors to the town.<br \/>\nBut the destination has a much wider offer and invites you to discover it in all seasons.<\/p>\n<p><strong>Rooms<\/strong><br \/>\nThe hotel has 188 modern rooms, all decorated in vibrant colours. Some have views of the Savinja River, and all are air-conditioned and equipped with an LCD TV, minibar and free WiFi.<\/p>\n<p>Double room standard (2-3 persons): double room, 25.5 m\u00b2; bathroom with shower or bath, hairdryer, LCD TV, free WiFi, minibar, telephone, safe, extra bed available (170 x 190 cm)<br \/>\nDS2-3 B comfort plus: double room, 31-36 m\u00b2; bathroom with shower or bath, hairdryer, LCD TV, free WiFi, minibar, telephone, safe, balcony overlooking the Savinja River, extra bed available (170 x 190 or 90 x 200 cm)<br \/>\nDouble room standard plus (2-3 persons): double room, 25.5-31.5 m\u00b2; bathroom with shower or bath, hairdryer, LCD TV, free WiFi, minibar, telephone, safe, French balcony, some with a view of the Savinja River, extra bed available (170 x 190 cm or 90 x 200 cm)<br \/>\nDouble room comfort plus (2-3 persons): double room, 31-36 m\u00b2; bathroom with shower or bath, hairdryer, LCD TV, free WiFi, minibar, telephone, safe, balcony with a view of the Savinja River, extra bed available (170 x 190 or 90 x 200 cm)<br \/>\nSingle room supplements may apply.<\/p>\n<p><strong>Swimming pools and wellness<\/strong><br \/>\n<strong>Thermal Centre:<\/strong> Under the glass dome, the 2200 m\u00b2 pool area includes a wave pool, three whirlpools above the pool, a Kneipp path, a children&#8217;s water fun area, a leisure and massage pool with a waterfall and floor springs, a fast river and a water slide, while outside there is a swimming pool, a children&#8217;s pool, a water slide, a water slide and a leisure and massage pool connected to the indoor pool; a crystal whirlpool at the confluence of the Recica and Savinja rivers; the thermal water has a temperature of 30-34 \u00b0C.<\/p>\n<p><strong>Sauna Centre<\/strong> on 675 m\u00b2 with 8 saunas (Finnish, steam, infrared, Laconium and Senarium), a cool indoor and a warm outdoor pool with massage elements, experience showers, rest areas and a refreshment bar.<\/p>\n<p><strong>Wellness Spa Centre:<\/strong> Thai, Ayurveda, Shiatsu massages, body and facial treatments, wellness programmes, relaxing baths, children&#8217;s wellness &#8230;<\/p>\n<p><strong>Thermana &amp; Veda Ayurveda Centre La\u0161ko<\/strong>: various Ayurveda treatments and Ayurveda programmes based on traditional traditions.<\/p>\n<p><strong>Useful information<\/strong><br \/>\n<strong>Check-in:<\/strong> 14-24h (late arrivals must be reported), check-out: until 11h. On the day of arrival, swimming is possible after 14. hours.<br \/>\n<strong>Benefits:<\/strong> hotel discount card (discounts from external providers: 10% discount on escape room, unlock la\u0161ko; 50% discount on Bobkart and adventure park at Celica hut or ski pass purchase; 25% discount on ticket to Old Castle Celje; 10% discount on food at Pavus restaurant, La\u0161ko; 10% discount on catering services at \u0160pica La\u0161ko restaurant).<br \/>\nLunch can be taken in the pool or \u00e0 la carte restaurant for an extra charge, and there is a 10% discount in many restaurants in the surrounding area.<br \/>\n<strong>The hotel is adapted for disabled guests, with 13 rooms for disabled guests.<\/strong><br \/>\n<strong>Extra charges:<\/strong> baby cot EUR 12\/day, smaller dogs up to 8 kg EUR 20\/day; sauna EUR 10\/day, sauna sheet rental EUR 3, early arrival\/late departure by prior arrangement EUR 40\/room.<br \/>\n<strong>Restrictions:<\/strong> possible closure of pools for maintenance work. Minors under 10. In summer, entry to the pools is only allowed when accompanied by an adult. Minors from 12. to 16. Sauna access is only allowed when accompanied by an adult. Children under 12 years are not allowed in the sauna.<\/p>\n<p><strong>Tourist tax and registration:<\/strong> payable at the reception desk &#8211; tourist tax according to the valid municipality of La\u0161ko Ordinance and a one-off registration fee of EUR 2 per person per stay.<\/p>\n<p>FAMILY BONUS (unless otherwise specified in the package) in a double room with extra bed\/supplementary bed, when staying with two (2) adults:<br \/>\n&#8211; child up to 4,99 years &#8211; free &#8211; without bed stay free of charge<br \/>\n-child 5 &#8211; 9,99 years on extra bed &#8211; 50% discount<br \/>\n-child 10-11,99.years on extra bed &#8211; 30% discount<\/p>\n<hr \/>\n<p>Price is per person, based on 2 adults sharing a double room.<br \/>\nMinimum stay &#8211; as stated at the time of booking.<br \/>\nOrganiser: the Son\u010dek d.o.o. or Fontus d.o.o. Tourist Agency and other partner organisers<\/p>\n<p>The organiser&#8217;s general terms and conditions apply at the time of booking.<\/p>\n<p>An application fee is charged at the time of booking in accordance with the <a href=\"https:\/\/www.fontus.si\/en\/general-terms-and-conditions-and-instructions-for-tourist-packages-and-services\/\">General Terms and Conditions<\/a>.<br \/>\nThis offer is for information only. The final price of the package is shown in the offer you receive at the time of your specific request.<br \/>\nThe above information is summarised from the descriptions provided by the hotelier and the organiser(s).<\/p>\n<hr \/>\n<p>Check the benefits and current events for guests in the destination La\u0161ko with <a href=\"https:\/\/lasko.info\/dozivetja\/\">STIK LA\u0160KO<\/a><\/p>\n<hr \/>\n<p>&nbsp;<\/p>\n","protected":false},"excerpt":{"rendered":"<p><strong>LA\u0160KO, HOTEL THERMANA PARK LA\u0160KO 4*superior<br \/>\n<\/strong><strong><br \/>\n<\/strong><strong>The stay package includes:<\/strong><br \/>\n&#8211; accommodation in double room standard<br \/>\n&#8211; half board (buffet breakfast and dinner)<br \/>\n&#8211; free entry to the pools of the Thermana Park Hotel La\u0161ko and the pools of the Zdravili\u0161\u010de La\u0161ko Hotel<br \/>\n&#8211; free use of bathrobes for adults<br \/>\n&#8211; full-day swimming also on the day of departure<br \/>\n&#8211; night swimming until 22. Thermana Park La\u0161ko pool hours on Fridays<br \/>\n&#8211; free access to the fitness centre<br \/>\n&#8211; drinking thermal water<br \/>\n&#8211; hotel discount card<br \/>\n&#8211; free WiFi throughout the hotel, including in the rooms and by the pool<br \/>\n&#8211; free parking at the hotel, garage with surcharge<br \/>\n<em><strong>Special features:<\/strong><\/em><strong><br \/>\n<\/strong><span class=\"wellness_txt\">&#8211; arrivals daily, minimum stay 2 nights<br \/>\n&#8211; benefits for children<\/span><\/p>\n<p><strong><span style=\"color: #008000;\">ESPECIALLY COMFORTABLE<\/span><em><br \/>\n<\/em><\/strong><strong><br \/>\n<span class=\"wellness_txt\">I. Date: 10.4.-21.4.2023 &#8211;<span style=\"color: #008000;\"> APRIL BREAK<\/span><br \/>\n<\/span><br \/>\n<\/strong><span class=\"wellness_txt\">price per person per day<br \/>\nSTANDARD ROOM <strong>from<\/strong><\/span><strong><br \/>\n<span class=\"wellness_txt\"><br \/>\nNO-PE <span style=\"color: #ff0000;\"> 86,70 EUR<br \/>\n<span style=\"color: #000000;\">PE-NE <\/span> 95,20 EUR <\/span><br \/>\n<\/span><br \/>\n<\/strong><span class=\"wellness_txt\">FAMILY BONUS &#8211; child up to 4,99 years (without bed) free of charge (more info &#8211; see Notes)<br \/>\n<\/span><strong><span class=\"wellness_txt\"><br \/>\nII. Date: 22.12.-29.12.2023 &#8211;<span style=\"color: #ff0000;\"> CHRISTMAS, CHRISTMAS HOLIDAYS <\/span><br \/>\n<\/span><\/strong><span class=\"wellness_txt\">price per person per day<br \/>\nSTANDARD ROOM <strong>from<\/strong><\/span><strong><br \/>\n<span class=\"wellness_txt\"><br \/>\nSUN-SUN <span style=\"color: #ff0000;\"> 114 EUR<br \/>\n<span style=\"color: #000000;\">SUN-SUN <\/span> 124 EUR <\/span><br \/>\n<\/span><br \/>\n<\/strong><span class=\"wellness_txt\">FAMILY BONUS &#8211; child up to 4,99 years free of charge (without bed) (more info &#8211; see Notes)<br \/>\n<\/span><br \/>\nImportant offer information and notifications &#8211; check NOTES \u26db<\/p>\n<hr \/>\n<p style=\"text-align: center;\"><span style=\"color: #ba2222;\"><strong>BOOK NOW!<\/strong><\/span><br \/>\n<span style=\"color: #333333;\"><strong> \ud83d\udcde 040 650 803 | \u2709 inquiry@fontus.si<br \/>\n\ud83d\udccb DEMAND \u26db<\/strong><\/span><\/p>\n<hr \/>\n<p>&nbsp;<\/p>\n","protected":false},"featured_media":0,"comment_status":"open","ping_status":"closed","template":"","meta":{"_uag_custom_page_level_css":""},"product_brand":[],"product_cat":[763,816,756,784,772,776,751,760,807,817],"product_tag":[780,797,781,765],"class_list":{"0":"post-13653","1":"product","2":"type-product","3":"status-publish","5":"product_cat-autumn-break","6":"product_cat-lasko","7":"product_cat-news","8":"product_cat-relaxation-and-active-holidays","9":"product_cat-seniors","10":"product_cat-seniors-exclusive","11":"product_cat-slovenia","12":"product_cat-spa-and-wellness","13":"product_cat-summer-holidays","14":"product_cat-thermana-lasko-en","15":"product_tag-accommodation","16":"product_tag-hotels","17":"product_tag-slovenia","18":"product_tag-spa-and-wellness","20":"first","21":"instock","22":"shipping-taxable","23":"purchasable","24":"product-type-simple"},"yoast_head":"<!-- This site is optimized with the Yoast SEO plugin v27.3 - https:\/\/yoast.com\/product\/yoast-seo-wordpress\/ -->\n<title>La\u0161ko, Hotel Thermana Park La\u0161ko 4*s, advent, Christmas, holidays<\/title>\n<meta name=\"description\" content=\"Stay in La\u0161ko, at the Thermana La\u0161ko spa and thermal resort. For health or relaxation. Check the offer now!\" \/>\n<meta name=\"robots\" content=\"index, follow, max-snippet:-1, max-image-preview:large, max-video-preview:-1\" \/>\n<link rel=\"canonical\" href=\"https:\/\/www.fontus.si\/en\/izdelek\/lasko-hotel-thermana-park-lasko-4superior-advent-christmas-holidays-sale-kopija\/\" \/>\n<meta property=\"og:locale\" content=\"en_US\" \/>\n<meta property=\"og:type\" content=\"article\" \/>\n<meta property=\"og:title\" content=\"La\u0161ko, Hotel Thermana Park La\u0161ko 4*s, advent, Christmas, holidays\" \/>\n<meta property=\"og:description\" content=\"Stay in La\u0161ko, at the Thermana La\u0161ko spa and thermal resort. For health or relaxation. Check the offer now!\" \/>\n<meta property=\"og:url\" content=\"https:\/\/www.fontus.si\/en\/izdelek\/lasko-hotel-thermana-park-lasko-4superior-advent-christmas-holidays-sale-kopija\/\" \/>\n<meta property=\"og:site_name\" content=\"Fontus - turisti\u010dna agencija\" \/>\n<meta property=\"article:publisher\" content=\"https:\/\/www.facebook.com\/profile.php?id=1427540978\" \/>\n<meta property=\"article:modified_time\" content=\"2025-07-23T15:11:09+00:00\" \/>\n<meta name=\"twitter:card\" content=\"summary_large_image\" \/>\n<meta name=\"twitter:label1\" content=\"Est. reading time\" \/>\n\t<meta name=\"twitter:data1\" content=\"6 minutes\" \/>\n<script type=\"application\/ld+json\" class=\"yoast-schema-graph\">{\"@context\":\"https:\\\/\\\/schema.org\",\"@graph\":[{\"@type\":\"WebPage\",\"@id\":\"https:\\\/\\\/www.fontus.si\\\/en\\\/izdelek\\\/lasko-hotel-thermana-park-lasko-4superior-advent-christmas-holidays-sale-kopija\\\/\",\"url\":\"https:\\\/\\\/www.fontus.si\\\/en\\\/izdelek\\\/lasko-hotel-thermana-park-lasko-4superior-advent-christmas-holidays-sale-kopija\\\/\",\"name\":\"La\u0161ko, Hotel Thermana Park La\u0161ko 4*s, advent, Christmas, holidays\",\"isPartOf\":{\"@id\":\"https:\\\/\\\/www.fontus.si\\\/en\\\/#website\"},\"datePublished\":\"2025-07-23T14:52:26+00:00\",\"dateModified\":\"2025-07-23T15:11:09+00:00\",\"description\":\"Stay in La\u0161ko, at the Thermana La\u0161ko spa and thermal resort. For health or relaxation. Check the offer now!\",\"breadcrumb\":{\"@id\":\"https:\\\/\\\/www.fontus.si\\\/en\\\/izdelek\\\/lasko-hotel-thermana-park-lasko-4superior-advent-christmas-holidays-sale-kopija\\\/#breadcrumb\"},\"inLanguage\":\"en-US\",\"potentialAction\":[{\"@type\":\"ReadAction\",\"target\":[\"https:\\\/\\\/www.fontus.si\\\/en\\\/izdelek\\\/lasko-hotel-thermana-park-lasko-4superior-advent-christmas-holidays-sale-kopija\\\/\"]}]},{\"@type\":\"BreadcrumbList\",\"@id\":\"https:\\\/\\\/www.fontus.si\\\/en\\\/izdelek\\\/lasko-hotel-thermana-park-lasko-4superior-advent-christmas-holidays-sale-kopija\\\/#breadcrumb\",\"itemListElement\":[{\"@type\":\"ListItem\",\"position\":1,\"name\":\"Ponudbe od A do \u017d\",\"item\":\"https:\\\/\\\/www.fontus.si\\\/ponudba-od-a-do-z-oddih-pocitnice\\\/\"},{\"@type\":\"ListItem\",\"position\":2,\"name\":\"La\u0161ko, Hotel Thermana Park La\u0161ko 4*superior, advent, Christmas, holidays &#8211; SALE (Kopija)\"}]},{\"@type\":\"WebSite\",\"@id\":\"https:\\\/\\\/www.fontus.si\\\/en\\\/#website\",\"url\":\"https:\\\/\\\/www.fontus.si\\\/en\\\/\",\"name\":\"Fontus - turisti\u010dna agencija\",\"description\":\"Fontus. Turizem. Organizator. Agencija. Poslovne storitve.\",\"publisher\":{\"@id\":\"https:\\\/\\\/www.fontus.si\\\/en\\\/#organization\"},\"potentialAction\":[{\"@type\":\"SearchAction\",\"target\":{\"@type\":\"EntryPoint\",\"urlTemplate\":\"https:\\\/\\\/www.fontus.si\\\/en\\\/?s={search_term_string}\"},\"query-input\":{\"@type\":\"PropertyValueSpecification\",\"valueRequired\":true,\"valueName\":\"search_term_string\"}}],\"inLanguage\":\"en-US\"},{\"@type\":\"Organization\",\"@id\":\"https:\\\/\\\/www.fontus.si\\\/en\\\/#organization\",\"name\":\"Fontus, turisti\u010dna agencija\",\"url\":\"https:\\\/\\\/www.fontus.si\\\/en\\\/\",\"logo\":{\"@type\":\"ImageObject\",\"inLanguage\":\"en-US\",\"@id\":\"https:\\\/\\\/www.fontus.si\\\/en\\\/#\\\/schema\\\/logo\\\/image\\\/\",\"url\":\"https:\\\/\\\/www.fontus.si\\\/wp-content\\\/uploads\\\/2021\\\/03\\\/logo-fontus_210.png\",\"contentUrl\":\"https:\\\/\\\/www.fontus.si\\\/wp-content\\\/uploads\\\/2021\\\/03\\\/logo-fontus_210.png\",\"width\":210,\"height\":50,\"caption\":\"Fontus, turisti\u010dna agencija\"},\"image\":{\"@id\":\"https:\\\/\\\/www.fontus.si\\\/en\\\/#\\\/schema\\\/logo\\\/image\\\/\"},\"sameAs\":[\"https:\\\/\\\/www.facebook.com\\\/profile.php?id=1427540978\"]}]}<\/script>\n<!-- \/ Yoast SEO plugin. -->","yoast_head_json":{"title":"La\u0161ko, Hotel Thermana Park La\u0161ko 4*s, advent, Christmas, holidays","description":"Stay in La\u0161ko, at the Thermana La\u0161ko spa and thermal resort. For health or relaxation. Check the offer now!","robots":{"index":"index","follow":"follow","max-snippet":"max-snippet:-1","max-image-preview":"max-image-preview:large","max-video-preview":"max-video-preview:-1"},"canonical":"https:\/\/www.fontus.si\/en\/izdelek\/lasko-hotel-thermana-park-lasko-4superior-advent-christmas-holidays-sale-kopija\/","og_locale":"en_US","og_type":"article","og_title":"La\u0161ko, Hotel Thermana Park La\u0161ko 4*s, advent, Christmas, holidays","og_description":"Stay in La\u0161ko, at the Thermana La\u0161ko spa and thermal resort. For health or relaxation. Check the offer now!","og_url":"https:\/\/www.fontus.si\/en\/izdelek\/lasko-hotel-thermana-park-lasko-4superior-advent-christmas-holidays-sale-kopija\/","og_site_name":"Fontus - turisti\u010dna agencija","article_publisher":"https:\/\/www.facebook.com\/profile.php?id=1427540978","article_modified_time":"2025-07-23T15:11:09+00:00","twitter_card":"summary_large_image","twitter_misc":{"Est. reading time":"6 minutes"},"schema":{"@context":"https:\/\/schema.org","@graph":[{"@type":"WebPage","@id":"https:\/\/www.fontus.si\/en\/izdelek\/lasko-hotel-thermana-park-lasko-4superior-advent-christmas-holidays-sale-kopija\/","url":"https:\/\/www.fontus.si\/en\/izdelek\/lasko-hotel-thermana-park-lasko-4superior-advent-christmas-holidays-sale-kopija\/","name":"La\u0161ko, Hotel Thermana Park La\u0161ko 4*s, advent, Christmas, holidays","isPartOf":{"@id":"https:\/\/www.fontus.si\/en\/#website"},"datePublished":"2025-07-23T14:52:26+00:00","dateModified":"2025-07-23T15:11:09+00:00","description":"Stay in La\u0161ko, at the Thermana La\u0161ko spa and thermal resort. For health or relaxation. Check the offer now!","breadcrumb":{"@id":"https:\/\/www.fontus.si\/en\/izdelek\/lasko-hotel-thermana-park-lasko-4superior-advent-christmas-holidays-sale-kopija\/#breadcrumb"},"inLanguage":"en-US","potentialAction":[{"@type":"ReadAction","target":["https:\/\/www.fontus.si\/en\/izdelek\/lasko-hotel-thermana-park-lasko-4superior-advent-christmas-holidays-sale-kopija\/"]}]},{"@type":"BreadcrumbList","@id":"https:\/\/www.fontus.si\/en\/izdelek\/lasko-hotel-thermana-park-lasko-4superior-advent-christmas-holidays-sale-kopija\/#breadcrumb","itemListElement":[{"@type":"ListItem","position":1,"name":"Ponudbe od A do \u017d","item":"https:\/\/www.fontus.si\/ponudba-od-a-do-z-oddih-pocitnice\/"},{"@type":"ListItem","position":2,"name":"La\u0161ko, Hotel Thermana Park La\u0161ko 4*superior, advent, Christmas, holidays &#8211; SALE (Kopija)"}]},{"@type":"WebSite","@id":"https:\/\/www.fontus.si\/en\/#website","url":"https:\/\/www.fontus.si\/en\/","name":"Fontus - turisti\u010dna agencija","description":"Fontus. Turizem. Organizator. Agencija. Poslovne storitve.","publisher":{"@id":"https:\/\/www.fontus.si\/en\/#organization"},"potentialAction":[{"@type":"SearchAction","target":{"@type":"EntryPoint","urlTemplate":"https:\/\/www.fontus.si\/en\/?s={search_term_string}"},"query-input":{"@type":"PropertyValueSpecification","valueRequired":true,"valueName":"search_term_string"}}],"inLanguage":"en-US"},{"@type":"Organization","@id":"https:\/\/www.fontus.si\/en\/#organization","name":"Fontus, turisti\u010dna agencija","url":"https:\/\/www.fontus.si\/en\/","logo":{"@type":"ImageObject","inLanguage":"en-US","@id":"https:\/\/www.fontus.si\/en\/#\/schema\/logo\/image\/","url":"https:\/\/www.fontus.si\/wp-content\/uploads\/2021\/03\/logo-fontus_210.png","contentUrl":"https:\/\/www.fontus.si\/wp-content\/uploads\/2021\/03\/logo-fontus_210.png","width":210,"height":50,"caption":"Fontus, turisti\u010dna agencija"},"image":{"@id":"https:\/\/www.fontus.si\/en\/#\/schema\/logo\/image\/"},"sameAs":["https:\/\/www.facebook.com\/profile.php?id=1427540978"]}]}},"uagb_featured_image_src":{"full":false,"thumbnail":false,"medium":false,"medium_large":false,"large":false,"1536x1536":false,"2048x2048":false,"woocommerce_thumbnail":false,"woocommerce_single":false,"woocommerce_gallery_thumbnail":false,"dgwt-wcas-product-suggestion":false},"uagb_author_info":{"display_name":"Tilen Zorin","author_link":"https:\/\/www.fontus.si\/en\/author\/"},"uagb_comment_info":0,"uagb_excerpt":"LA\u0160KO, HOTEL THERMANA PARK LA\u0160KO 4*superior The stay package includes: - accommodation in double room standard - half board (buffet breakfast and dinner) - free entry to the pools of the Thermana Park Hotel La\u0161ko and the pools of the Zdravili\u0161\u010de La\u0161ko Hotel - free use of bathrobes for adults - full-day swimming also on&hellip;","_links":{"self":[{"href":"https:\/\/www.fontus.si\/en\/wp-json\/wp\/v2\/product\/13653","targetHints":{"allow":["GET"]}}],"collection":[{"href":"https:\/\/www.fontus.si\/en\/wp-json\/wp\/v2\/product"}],"about":[{"href":"https:\/\/www.fontus.si\/en\/wp-json\/wp\/v2\/types\/product"}],"replies":[{"embeddable":true,"href":"https:\/\/www.fontus.si\/en\/wp-json\/wp\/v2\/comments?post=13653"}],"wp:attachment":[{"href":"https:\/\/www.fontus.si\/en\/wp-json\/wp\/v2\/media?parent=13653"}],"wp:term":[{"taxonomy":"product_brand","embeddable":true,"href":"https:\/\/www.fontus.si\/en\/wp-json\/wp\/v2\/product_brand?post=13653"},{"taxonomy":"product_cat","embeddable":true,"href":"https:\/\/www.fontus.si\/en\/wp-json\/wp\/v2\/product_cat?post=13653"},{"taxonomy":"product_tag","embeddable":true,"href":"https:\/\/www.fontus.si\/en\/wp-json\/wp\/v2\/product_tag?post=13653"}],"curies":[{"name":"wp","href":"https:\/\/api.w.org\/{rel}","templated":true}]}}