{"id":10673,"date":"2021-07-23T10:11:06","date_gmt":"2021-07-23T08:11:06","guid":{"rendered":"https:\/\/www.fontus.si\/gift-vouchers\/"},"modified":"2023-11-26T16:27:49","modified_gmt":"2023-11-26T15:27:49","slug":"gift-vouchers","status":"publish","type":"page","link":"https:\/\/www.fontus.si\/en\/gift-vouchers\/","title":{"rendered":"Gift vouchers"},"content":{"rendered":"\n<p><\/p>\n\n<div class=\"wp-block-cover is-light has-custom-content-position is-position-bottom-center\" style=\"min-height:207px;aspect-ratio:unset;\"><span aria-hidden=\"true\" class=\"has-background-dim-10 wp-block-cover__gradient-background has-background-dim\"><\/span><img loading=\"lazy\" decoding=\"async\" width=\"510\" height=\"320\" class=\"wp-block-cover__image-background wp-image-471\" alt=\"\" src=\"https:\/\/www.fontus.si\/wp-content\/uploads\/2021\/12\/present.jpg\" style=\"object-position:50% 36%\" data-object-fit=\"cover\" data-object-position=\"50% 36%\" srcset=\"https:\/\/www.fontus.si\/wp-content\/uploads\/2021\/12\/present.jpg 510w, https:\/\/www.fontus.si\/wp-content\/uploads\/2021\/12\/present-64x40.jpg 64w\" sizes=\"auto, (max-width: 510px) 100vw, 510px\" \/><div class=\"wp-block-cover__inner-container is-layout-flow wp-block-cover-is-layout-flow\">\n<p class=\"has-large-font-size\"><\/p>\n<\/div><\/div>\n\n<p><\/p>\n\n<p><a href=\"https:\/\/www.fontus.si\/ponudba-od-a-do-z-oddih-pocitnice\/\">A trip, a holiday, an experience<\/a> is a wonderful gift!<\/p>\n\n<p><strong>Together with our partners, tour operators and other tourism and related service providers, we tailor our offer to meet a wide range of needs and expectations.<\/strong><\/p>\n\n<p>The vouchers can be of any value, tailored to the specific package or tour or in a specific amount (e.g. \u20ac100, \u20ac200, \u20ac&#8230;).<\/p>\n\n<hr class=\"wp-block-separator\"\/>\n\n<p class=\"has-text-align-center\"><strong>ASK FOR A GIFT VOUCHER OFFER NOW!<\/strong><\/p>\n\n<hr class=\"wp-block-separator\"\/>\n\n<div class=\"wpcf7 no-js\" id=\"wpcf7-f348-o1\" lang=\"sl-SI\" dir=\"ltr\" data-wpcf7-id=\"348\">\n<div class=\"screen-reader-response\"><p role=\"status\" aria-live=\"polite\" aria-atomic=\"true\"><\/p> <ul><\/ul><\/div>\n<form action=\"\/en\/wp-json\/wp\/v2\/pages\/10673#wpcf7-f348-o1\" method=\"post\" class=\"wpcf7-form init\" aria-label=\"Kontaktni obrazec\" novalidate=\"novalidate\" data-status=\"init\">\n<fieldset class=\"hidden-fields-container\"><input type=\"hidden\" name=\"_wpcf7\" value=\"348\" \/><input type=\"hidden\" name=\"_wpcf7_version\" value=\"6.1.5\" \/><input type=\"hidden\" name=\"_wpcf7_locale\" value=\"sl_SI\" \/><input type=\"hidden\" name=\"_wpcf7_unit_tag\" value=\"wpcf7-f348-o1\" \/><input type=\"hidden\" name=\"_wpcf7_container_post\" value=\"0\" \/><input type=\"hidden\" name=\"_wpcf7_posted_data_hash\" value=\"\" \/><input type=\"hidden\" name=\"_wpcf7dtx_version\" value=\"5.0.5\" \/><input type=\"hidden\" name=\"_wpcf7cf_hidden_group_fields\" value=\"[]\" \/><input type=\"hidden\" name=\"_wpcf7cf_hidden_groups\" value=\"[]\" \/><input type=\"hidden\" name=\"_wpcf7cf_visible_groups\" value=\"[]\" \/><input type=\"hidden\" name=\"_wpcf7cf_repeaters\" value=\"[]\" \/><input type=\"hidden\" name=\"_wpcf7cf_steps\" value=\"{}\" \/><input type=\"hidden\" name=\"_wpcf7cf_options\" value=\"{&quot;form_id&quot;:348,&quot;conditions&quot;:[],&quot;settings&quot;:{&quot;animation&quot;:&quot;yes&quot;,&quot;animation_intime&quot;:200,&quot;animation_outtime&quot;:200,&quot;conditions_ui&quot;:&quot;normal&quot;,&quot;notice_dismissed&quot;:false}}\" \/>\n<\/fieldset>\n<p><span class=\"wpcf7-form-control-wrap\" data-name=\"your-name\"><input size=\"40\" maxlength=\"400\" class=\"wpcf7-form-control wpcf7-text wpcf7-validates-as-required\" aria-required=\"true\" aria-invalid=\"false\" placeholder=\"Ime*\" value=\"\" type=\"text\" name=\"your-name\" \/><\/span>\n<\/p>\n<p><span class=\"wpcf7-form-control-wrap\" data-name=\"family-name\"><input size=\"40\" maxlength=\"400\" class=\"wpcf7-form-control wpcf7-text wpcf7-validates-as-required\" aria-required=\"true\" aria-invalid=\"false\" placeholder=\"Priimek*\" value=\"\" type=\"text\" name=\"family-name\" \/><\/span>\n<\/p>\n<p><span class=\"wpcf7-form-control-wrap\" data-name=\"your-tel\"><input size=\"40\" maxlength=\"400\" class=\"wpcf7-form-control wpcf7-tel wpcf7-text wpcf7-validates-as-tel\" aria-invalid=\"false\" placeholder=\"Telefon*\" value=\"\" type=\"tel\" name=\"your-tel\" \/><\/span>\n<\/p>\n<p><span class=\"wpcf7-form-control-wrap\" data-name=\"your-email\"><input size=\"40\" maxlength=\"400\" class=\"wpcf7-form-control wpcf7-email wpcf7-validates-as-required wpcf7-text wpcf7-validates-as-email\" aria-required=\"true\" aria-invalid=\"false\" placeholder=\"E-po\u0161ta*\" value=\"\" type=\"email\" name=\"your-email\" \/><\/span>\n<\/p>\n<p><span class=\"wpcf7-form-control-wrap\" data-name=\"your-message\"><textarea cols=\"40\" rows=\"3\" maxlength=\"2000\" class=\"wpcf7-form-control wpcf7-textarea\" aria-invalid=\"false\" placeholder=\"Vpi\u0161ite va\u0161e povpra\u0161evanje\" name=\"your-message\"><\/textarea><\/span>\n<\/p>\n<p>Splo\u0161ne informacije:<br \/>\nV na\u0161em podjetju poslujemo skladno s sprejetimi <a target=\"_blank\" href=\"\/splosni-pogoji-in-navodila-za-turisticne-aranzmaje-in-storitve\/\">Splo\u0161nimi pogoji poslovanja<\/a>.<br \/>\nVse prejete informacije uporabljamo skladno s <a target=\"_blank\" href=\"\/politika-zasebnosti\">Politiko zasebnosti<\/a>.\n<\/p>\n<p><input class=\"wpcf7-form-control wpcf7-submit has-spinner\" type=\"submit\" value=\"Po\u0161lji povpra\u0161evanje\" \/>\n<\/p><div class=\"wpcf7-response-output\" aria-hidden=\"true\"><\/div>\n<\/form>\n<\/div>\n\n","protected":false},"excerpt":{"rendered":"<p>A trip, a holiday, an experience is a wonderful gift! Together with our partners, tour operators and other tourism and related service providers, we tailor our offer to meet a wide range of needs and expectations. The vouchers can be of any value, tailored to the specific package or tour or in a specific amount [&hellip;]<\/p>\n","protected":false},"author":1,"featured_media":0,"parent":0,"menu_order":0,"comment_status":"closed","ping_status":"closed","template":"page_sidebars.php","meta":{"_uag_custom_page_level_css":"","footnotes":""},"class_list":["post-10673","page","type-page","status-publish","hentry"],"featured_image_src":null,"yoast_head":"<!-- This site is optimized with the Yoast SEO plugin v27.3 - https:\/\/yoast.com\/product\/yoast-seo-wordpress\/ -->\n<title>Gift vouchers for a holiday or a trip, Fontus tour operator &amp; travel agency<\/title>\n<meta name=\"description\" content=\"Agency gift vouchers. For holidays, trips or holidays in Slovenia or abroad, organised by reliable organisers, our long-standing partners. Check it out now!\" \/>\n<meta name=\"robots\" content=\"index, follow, max-snippet:-1, max-image-preview:large, max-video-preview:-1\" \/>\n<link rel=\"canonical\" href=\"https:\/\/www.fontus.si\/en\/gift-vouchers\/\" \/>\n<meta property=\"og:locale\" content=\"en_US\" \/>\n<meta property=\"og:type\" content=\"article\" \/>\n<meta property=\"og:title\" content=\"Gift vouchers for a holiday or a trip, Fontus tour operator &amp; travel agency\" \/>\n<meta property=\"og:description\" content=\"Agency gift vouchers. For holidays, trips or holidays in Slovenia or abroad, organised by reliable organisers, our long-standing partners. Check it out now!\" \/>\n<meta property=\"og:url\" content=\"https:\/\/www.fontus.si\/en\/gift-vouchers\/\" \/>\n<meta property=\"og:site_name\" content=\"Fontus - turisti\u010dna agencija\" \/>\n<meta property=\"article:publisher\" content=\"https:\/\/www.facebook.com\/profile.php?id=1427540978\" \/>\n<meta property=\"article:modified_time\" content=\"2023-11-26T15:27:49+00:00\" \/>\n<meta property=\"og:image\" content=\"https:\/\/www.fontus.si\/wp-content\/uploads\/2021\/12\/present.jpg\" \/>\n<meta name=\"twitter:card\" content=\"summary_large_image\" \/>\n<script type=\"application\/ld+json\" class=\"yoast-schema-graph\">{\"@context\":\"https:\\\/\\\/schema.org\",\"@graph\":[{\"@type\":\"WebPage\",\"@id\":\"https:\\\/\\\/www.fontus.si\\\/en\\\/gift-vouchers\\\/\",\"url\":\"https:\\\/\\\/www.fontus.si\\\/en\\\/gift-vouchers\\\/\",\"name\":\"Gift vouchers for a holiday or a trip, Fontus tour operator & travel agency\",\"isPartOf\":{\"@id\":\"https:\\\/\\\/www.fontus.si\\\/en\\\/#website\"},\"primaryImageOfPage\":{\"@id\":\"https:\\\/\\\/www.fontus.si\\\/en\\\/gift-vouchers\\\/#primaryimage\"},\"image\":{\"@id\":\"https:\\\/\\\/www.fontus.si\\\/en\\\/gift-vouchers\\\/#primaryimage\"},\"thumbnailUrl\":\"https:\\\/\\\/www.fontus.si\\\/wp-content\\\/uploads\\\/2021\\\/12\\\/present.jpg\",\"datePublished\":\"2021-07-23T08:11:06+00:00\",\"dateModified\":\"2023-11-26T15:27:49+00:00\",\"description\":\"Agency gift vouchers. For holidays, trips or holidays in Slovenia or abroad, organised by reliable organisers, our long-standing partners. Check it out now!\",\"inLanguage\":\"en-US\",\"potentialAction\":[{\"@type\":\"ReadAction\",\"target\":[\"https:\\\/\\\/www.fontus.si\\\/en\\\/gift-vouchers\\\/\"]}]},{\"@type\":\"ImageObject\",\"inLanguage\":\"en-US\",\"@id\":\"https:\\\/\\\/www.fontus.si\\\/en\\\/gift-vouchers\\\/#primaryimage\",\"url\":\"https:\\\/\\\/www.fontus.si\\\/wp-content\\\/uploads\\\/2021\\\/12\\\/present.jpg\",\"contentUrl\":\"https:\\\/\\\/www.fontus.si\\\/wp-content\\\/uploads\\\/2021\\\/12\\\/present.jpg\"},{\"@type\":\"WebSite\",\"@id\":\"https:\\\/\\\/www.fontus.si\\\/en\\\/#website\",\"url\":\"https:\\\/\\\/www.fontus.si\\\/en\\\/\",\"name\":\"Fontus - turisti\u010dna agencija\",\"description\":\"Fontus. Turizem. Organizator. Agencija. Poslovne storitve.\",\"publisher\":{\"@id\":\"https:\\\/\\\/www.fontus.si\\\/en\\\/#organization\"},\"potentialAction\":[{\"@type\":\"SearchAction\",\"target\":{\"@type\":\"EntryPoint\",\"urlTemplate\":\"https:\\\/\\\/www.fontus.si\\\/en\\\/?s={search_term_string}\"},\"query-input\":{\"@type\":\"PropertyValueSpecification\",\"valueRequired\":true,\"valueName\":\"search_term_string\"}}],\"inLanguage\":\"en-US\"},{\"@type\":\"Organization\",\"@id\":\"https:\\\/\\\/www.fontus.si\\\/en\\\/#organization\",\"name\":\"Fontus, turisti\u010dna agencija\",\"url\":\"https:\\\/\\\/www.fontus.si\\\/en\\\/\",\"logo\":{\"@type\":\"ImageObject\",\"inLanguage\":\"en-US\",\"@id\":\"https:\\\/\\\/www.fontus.si\\\/en\\\/#\\\/schema\\\/logo\\\/image\\\/\",\"url\":\"https:\\\/\\\/www.fontus.si\\\/wp-content\\\/uploads\\\/2021\\\/03\\\/logo-fontus_210.png\",\"contentUrl\":\"https:\\\/\\\/www.fontus.si\\\/wp-content\\\/uploads\\\/2021\\\/03\\\/logo-fontus_210.png\",\"width\":210,\"height\":50,\"caption\":\"Fontus, turisti\u010dna agencija\"},\"image\":{\"@id\":\"https:\\\/\\\/www.fontus.si\\\/en\\\/#\\\/schema\\\/logo\\\/image\\\/\"},\"sameAs\":[\"https:\\\/\\\/www.facebook.com\\\/profile.php?id=1427540978\"]}]}<\/script>\n<!-- \/ Yoast SEO plugin. -->","yoast_head_json":{"title":"Gift vouchers for a holiday or a trip, Fontus tour operator & travel agency","description":"Agency gift vouchers. For holidays, trips or holidays in Slovenia or abroad, organised by reliable organisers, our long-standing partners. Check it out now!","robots":{"index":"index","follow":"follow","max-snippet":"max-snippet:-1","max-image-preview":"max-image-preview:large","max-video-preview":"max-video-preview:-1"},"canonical":"https:\/\/www.fontus.si\/en\/gift-vouchers\/","og_locale":"en_US","og_type":"article","og_title":"Gift vouchers for a holiday or a trip, Fontus tour operator & travel agency","og_description":"Agency gift vouchers. For holidays, trips or holidays in Slovenia or abroad, organised by reliable organisers, our long-standing partners. Check it out now!","og_url":"https:\/\/www.fontus.si\/en\/gift-vouchers\/","og_site_name":"Fontus - turisti\u010dna agencija","article_publisher":"https:\/\/www.facebook.com\/profile.php?id=1427540978","article_modified_time":"2023-11-26T15:27:49+00:00","og_image":[{"url":"https:\/\/www.fontus.si\/wp-content\/uploads\/2021\/12\/present.jpg","type":"","width":"","height":""}],"twitter_card":"summary_large_image","schema":{"@context":"https:\/\/schema.org","@graph":[{"@type":"WebPage","@id":"https:\/\/www.fontus.si\/en\/gift-vouchers\/","url":"https:\/\/www.fontus.si\/en\/gift-vouchers\/","name":"Gift vouchers for a holiday or a trip, Fontus tour operator & travel agency","isPartOf":{"@id":"https:\/\/www.fontus.si\/en\/#website"},"primaryImageOfPage":{"@id":"https:\/\/www.fontus.si\/en\/gift-vouchers\/#primaryimage"},"image":{"@id":"https:\/\/www.fontus.si\/en\/gift-vouchers\/#primaryimage"},"thumbnailUrl":"https:\/\/www.fontus.si\/wp-content\/uploads\/2021\/12\/present.jpg","datePublished":"2021-07-23T08:11:06+00:00","dateModified":"2023-11-26T15:27:49+00:00","description":"Agency gift vouchers. For holidays, trips or holidays in Slovenia or abroad, organised by reliable organisers, our long-standing partners. Check it out now!","inLanguage":"en-US","potentialAction":[{"@type":"ReadAction","target":["https:\/\/www.fontus.si\/en\/gift-vouchers\/"]}]},{"@type":"ImageObject","inLanguage":"en-US","@id":"https:\/\/www.fontus.si\/en\/gift-vouchers\/#primaryimage","url":"https:\/\/www.fontus.si\/wp-content\/uploads\/2021\/12\/present.jpg","contentUrl":"https:\/\/www.fontus.si\/wp-content\/uploads\/2021\/12\/present.jpg"},{"@type":"WebSite","@id":"https:\/\/www.fontus.si\/en\/#website","url":"https:\/\/www.fontus.si\/en\/","name":"Fontus - turisti\u010dna agencija","description":"Fontus. Turizem. Organizator. Agencija. Poslovne storitve.","publisher":{"@id":"https:\/\/www.fontus.si\/en\/#organization"},"potentialAction":[{"@type":"SearchAction","target":{"@type":"EntryPoint","urlTemplate":"https:\/\/www.fontus.si\/en\/?s={search_term_string}"},"query-input":{"@type":"PropertyValueSpecification","valueRequired":true,"valueName":"search_term_string"}}],"inLanguage":"en-US"},{"@type":"Organization","@id":"https:\/\/www.fontus.si\/en\/#organization","name":"Fontus, turisti\u010dna agencija","url":"https:\/\/www.fontus.si\/en\/","logo":{"@type":"ImageObject","inLanguage":"en-US","@id":"https:\/\/www.fontus.si\/en\/#\/schema\/logo\/image\/","url":"https:\/\/www.fontus.si\/wp-content\/uploads\/2021\/03\/logo-fontus_210.png","contentUrl":"https:\/\/www.fontus.si\/wp-content\/uploads\/2021\/03\/logo-fontus_210.png","width":210,"height":50,"caption":"Fontus, turisti\u010dna agencija"},"image":{"@id":"https:\/\/www.fontus.si\/en\/#\/schema\/logo\/image\/"},"sameAs":["https:\/\/www.facebook.com\/profile.php?id=1427540978"]}]}},"uagb_featured_image_src":{"full":false,"thumbnail":false,"medium":false,"medium_large":false,"large":false,"1536x1536":false,"2048x2048":false,"woocommerce_thumbnail":false,"woocommerce_single":false,"woocommerce_gallery_thumbnail":false,"dgwt-wcas-product-suggestion":false},"uagb_author_info":{"display_name":"vedran72","author_link":"https:\/\/www.fontus.si\/en\/author\/vedran72\/"},"uagb_comment_info":0,"uagb_excerpt":"A trip, a holiday, an experience is a wonderful gift! Together with our partners, tour operators and other tourism and related service providers, we tailor our offer to meet a wide range of needs and expectations. The vouchers can be of any value, tailored to the specific package or tour or in a specific amount&hellip;","_links":{"self":[{"href":"https:\/\/www.fontus.si\/en\/wp-json\/wp\/v2\/pages\/10673","targetHints":{"allow":["GET"]}}],"collection":[{"href":"https:\/\/www.fontus.si\/en\/wp-json\/wp\/v2\/pages"}],"about":[{"href":"https:\/\/www.fontus.si\/en\/wp-json\/wp\/v2\/types\/page"}],"author":[{"embeddable":true,"href":"https:\/\/www.fontus.si\/en\/wp-json\/wp\/v2\/users\/1"}],"replies":[{"embeddable":true,"href":"https:\/\/www.fontus.si\/en\/wp-json\/wp\/v2\/comments?post=10673"}],"version-history":[{"count":2,"href":"https:\/\/www.fontus.si\/en\/wp-json\/wp\/v2\/pages\/10673\/revisions"}],"predecessor-version":[{"id":10677,"href":"https:\/\/www.fontus.si\/en\/wp-json\/wp\/v2\/pages\/10673\/revisions\/10677"}],"wp:attachment":[{"href":"https:\/\/www.fontus.si\/en\/wp-json\/wp\/v2\/media?parent=10673"}],"curies":[{"name":"wp","href":"https:\/\/api.w.org\/{rel}","templated":true}]}}